{"id":77,"date":"2016-12-05T16:05:33","date_gmt":"2016-12-05T16:05:33","guid":{"rendered":"http:\/\/www.iftelecom.com.br\/?page_id=77"},"modified":"2025-07-10T13:14:35","modified_gmt":"2025-07-10T13:14:35","slug":"empresa","status":"publish","type":"page","link":"https:\/\/www.iftelecom.com.br\/?page_id=77","title":{"rendered":"Empresa"},"content":{"rendered":"<div id=\"pl-77\"  class=\"panel-layout\" ><div id=\"pg-77-0\"  class=\"panel-grid panel-no-style\" ><div id=\"pgc-77-0-0\"  class=\"panel-grid-cell\" ><div id=\"panel-77-0-0-0\" class=\"so-panel widget widget_sow-editor panel-first-child panel-last-child\" data-index=\"0\" ><div class=\"so-widget-sow-editor so-widget-sow-editor-base\"><h3 class=\"widget-title\">UM POUCO DA NOSSA HIST\u00d3RIA<\/h3>\n<div class=\"siteorigin-widget-tinymce textwidget\">\n\t<p>A Empresa IF Telecom, fundada em 2008 em Valinhos, interior do Estado de S\u00e3o Paulo, possui em seu quadro de colaboradores, \u00a0profissionais do mais alto gabarito t\u00e9cnico, com comprovada experi\u00eancia em d\u00e9cadas de fabrica\u00e7\u00e3o de antenas e componentes no setor de Broadcast.<\/p>\n<p>Agregando uma equipe de engenharia e com vasta experi\u00eancia em medi\u00e7\u00e3o e testes em campo, a IF Telecom conseguiu uma r\u00e1pida consolida\u00e7\u00e3o no mercado, fruto de um trabalho e aperfei\u00e7oamentos constantes aliados a um atendimento p\u00f3s-venda inigual\u00e1vel, que diferencia nossa empresa por prover solu\u00e7\u00f5es otimizadas \u00e0s necessidades e antevendo tend\u00eancias de produtos e servi\u00e7os face ao planejamento com bases s\u00f3lidas que possui.<\/p>\n<\/div>\n<\/div><\/div><\/div><div id=\"pgc-77-0-1\"  class=\"panel-grid-cell\" ><div id=\"panel-77-0-1-0\" class=\"so-panel widget widget_sow-image panel-first-child panel-last-child\" data-index=\"1\" ><div class=\"borda panel-widget-style panel-widget-style-for-77-0-1-0\" ><div class=\"so-widget-sow-image so-widget-sow-image-default-17bc2272b535\">\n\n<div class=\"sow-image-container\">\n\t<img src=\"https:\/\/www.iftelecom.com.br\/wp-content\/uploads\/2016\/12\/empresa1.jpg\" width=\"980\" height=\"1306\" srcset=\"https:\/\/www.iftelecom.com.br\/wp-content\/uploads\/2016\/12\/empresa1.jpg 980w, https:\/\/www.iftelecom.com.br\/wp-content\/uploads\/2016\/12\/empresa1-225x300.jpg 225w, https:\/\/www.iftelecom.com.br\/wp-content\/uploads\/2016\/12\/empresa1-768x1024.jpg 768w\" sizes=\"(max-width: 980px) 100vw, 980px\" alt=\"\" \t\tclass=\"so-widget-image\"\/>\n<\/div>\n\n<\/div><\/div><\/div><\/div><\/div><div id=\"pg-77-1\"  class=\"panel-grid panel-no-style\" ><div id=\"pgc-77-1-0\"  class=\"panel-grid-cell\" ><div id=\"panel-77-1-0-0\" class=\"so-panel widget widget_sow-editor panel-first-child panel-last-child\" data-index=\"2\" ><div class=\"so-widget-sow-editor so-widget-sow-editor-base\"><h3 class=\"widget-title\">SOLU\u00c7\u00d5ES EM BROADCAST<\/h3>\n<div class=\"siteorigin-widget-tinymce textwidget\">\n\t<p>A empresa possui o portf\u00f3lio mais completo\u00a0 em sistemas irradiantes e componentes de radiodifus\u00e3o de FM e TV.<\/p>\n<p>Com seus processos automatizados implantados desde o projeto, at\u00e9 a simula\u00e7\u00e3o e finalizando com a fabrica\u00e7\u00e3o dos sistemas e acess\u00f3rios, garante precis\u00e3o, qualidade superior e uniformidade de especifica\u00e7\u00f5es em seus produtos, onde o desempenho e a robustez \u00e9 nossa marca registrada, fruto da experi\u00eancia aliada \u00e0 tecnologia e constantes desenvolvimentos decorrentes de uma engenharia s\u00f3lida e uma parceria totalmente focada no mercado e suas tend\u00eancias.<\/p>\n<\/div>\n<\/div><\/div><\/div><\/div><div id=\"pg-77-2\"  class=\"panel-grid panel-no-style\" ><div id=\"pgc-77-2-0\"  class=\"panel-grid-cell\" ><div id=\"panel-77-2-0-0\" class=\"so-panel widget widget_sow-editor panel-first-child panel-last-child\" data-index=\"3\" ><div class=\"so-widget-sow-editor so-widget-sow-editor-base\">\n<div class=\"siteorigin-widget-tinymce textwidget\">\n\t<p>Contamos com equipes que complementam as solu\u00e7\u00f5es com instala\u00e7\u00f5es e suporte a campo, propiciando total tranq\u00fcilidade \u00e0s redes em implanta\u00e7\u00e3o ou em fase de restabelecimento que demandem trabalhos espec\u00edficos, precisos e r\u00e1pidos.<\/p>\n<p>\u00a0<\/p>\n<p>IF Telecom, o seu provedor de solu\u00e7\u00f5es, coloca ao dispor as antenas digitais mais leves e robustas para a interioriza\u00e7\u00e3o. Pain\u00e9is Banda Larga, antenas superturnstile Banda Larga incorporando combinador em sua entrada e trazendo economia em implanta\u00e7\u00f5es onde se necessitam antenas leves, e solu\u00e7\u00f5es de flexibilidade de mudan\u00e7as de freq\u00fc\u00eancia sem necessidade de reajustes na antena.<\/p>\n<p>\u00a0<\/p>\n<p>Chaves coaxiais manuais e el\u00e9tricas, com Pain\u00e9is eletr\u00f4nicos com interface IP, Pan-Tilt com controladores incorporando mem\u00f3rias program\u00e1veis facilitando a opera\u00e7\u00e3o e trazendo a rapidez e confiabilidade em opera\u00e7\u00f5es de externas tamb\u00e9m fazem parte de nosso conjunto de solu\u00e7\u00f5es.<\/p>\n<\/div>\n<\/div><\/div><\/div><div id=\"pgc-77-2-1\"  class=\"panel-grid-cell\" ><div id=\"panel-77-2-1-0\" class=\"so-panel widget widget_sow-image panel-first-child panel-last-child\" data-index=\"4\" ><div class=\"borda panel-widget-style panel-widget-style-for-77-2-1-0\" ><div class=\"so-widget-sow-image so-widget-sow-image-default-17bc2272b535\">\n\n<div class=\"sow-image-container\">\n\t<img src=\"https:\/\/www.iftelecom.com.br\/wp-content\/uploads\/2016\/12\/empresa2.jpg\" width=\"1440\" height=\"2560\" srcset=\"https:\/\/www.iftelecom.com.br\/wp-content\/uploads\/2016\/12\/empresa2.jpg 1440w, https:\/\/www.iftelecom.com.br\/wp-content\/uploads\/2016\/12\/empresa2-169x300.jpg 169w, https:\/\/www.iftelecom.com.br\/wp-content\/uploads\/2016\/12\/empresa2-768x1365.jpg 768w, https:\/\/www.iftelecom.com.br\/wp-content\/uploads\/2016\/12\/empresa2-576x1024.jpg 576w\" sizes=\"(max-width: 1440px) 100vw, 1440px\" alt=\"\" \t\tclass=\"so-widget-image\"\/>\n<\/div>\n\n<\/div><\/div><\/div><\/div><\/div><\/div>","protected":false},"excerpt":{"rendered":"<p>A Empresa IF Telecom, fundada em 2008 em Valinhos, interior do Estado de S\u00e3o Paulo, possui em seu quadro de colaboradores, \u00a0profissionais do mais alto gabarito t\u00e9cnico, com comprovada experi\u00eancia em d\u00e9cadas de fabrica\u00e7\u00e3o de antenas e componentes no setor de Broadcast. Agregando uma equipe de engenharia e com vasta experi\u00eancia em medi\u00e7\u00e3o e testes [&hellip;]<\/p>\n","protected":false},"author":5,"featured_media":0,"parent":0,"menu_order":0,"comment_status":"closed","ping_status":"closed","template":"","meta":[],"yoast_head":"<!-- This site is optimized with the Yoast SEO plugin v15.9.1 - https:\/\/yoast.com\/wordpress\/plugins\/seo\/ -->\n<meta name=\"description\" content=\"A Empresa IF Telecom, atua na \u00e1rea de fabrica\u00e7\u00e3o de antenas e componentes no setor de Broadcast. Estamos localizados em Valinhos, regi\u00e3o de Campinas, S\u00e3o Paulo \u2013 SP.\" \/>\n<meta name=\"robots\" content=\"index, follow, max-snippet:-1, max-image-preview:large, max-video-preview:-1\" \/>\n<link rel=\"canonical\" href=\"https:\/\/www.iftelecom.com.br\/?page_id=77\" \/>\n<meta property=\"og:locale\" content=\"pt_BR\" \/>\n<meta property=\"og:type\" content=\"article\" \/>\n<meta property=\"og:title\" content=\"Empresa - IF Telecom\" \/>\n<meta property=\"og:description\" content=\"A Empresa IF Telecom, atua na \u00e1rea de fabrica\u00e7\u00e3o de antenas e componentes no setor de Broadcast. Estamos localizados em Valinhos, regi\u00e3o de Campinas, S\u00e3o Paulo \u2013 SP.\" \/>\n<meta property=\"og:url\" content=\"https:\/\/www.iftelecom.com.br\/?page_id=77\" \/>\n<meta property=\"og:site_name\" content=\"IF Telecom\" \/>\n<meta property=\"article:modified_time\" content=\"2025-07-10T13:14:35+00:00\" \/>\n<meta name=\"twitter:card\" content=\"summary\" \/>\n<meta name=\"twitter:label1\" content=\"Est. reading time\">\n\t<meta name=\"twitter:data1\" content=\"2 minutos\">\n<script type=\"application\/ld+json\" class=\"yoast-schema-graph\">{\"@context\":\"https:\/\/schema.org\",\"@graph\":[{\"@type\":\"WebSite\",\"@id\":\"https:\/\/www.iftelecom.com.br\/#website\",\"url\":\"https:\/\/www.iftelecom.com.br\/\",\"name\":\"IF Telecom\",\"description\":\"A Empresa IF Telecom, fundada em 2009 em Valinhos, interior do Estado de S\\u00e3o Paulo, possui em seu quadro de colaboradores,  profissionais do mais alto gabarito t\\u00e9cnico, com comprovada experi\\u00eancia em d\\u00e9cadas de fabrica\\u00e7\\u00e3o de antenas e componentes no setor de Broadcast.\",\"potentialAction\":[{\"@type\":\"SearchAction\",\"target\":\"https:\/\/www.iftelecom.com.br\/?s={search_term_string}\",\"query-input\":\"required name=search_term_string\"}],\"inLanguage\":\"pt-BR\"},{\"@type\":\"WebPage\",\"@id\":\"https:\/\/www.iftelecom.com.br\/?page_id=77#webpage\",\"url\":\"https:\/\/www.iftelecom.com.br\/?page_id=77\",\"name\":\"Empresa - IF Telecom\",\"isPartOf\":{\"@id\":\"https:\/\/www.iftelecom.com.br\/#website\"},\"datePublished\":\"2016-12-05T16:05:33+00:00\",\"dateModified\":\"2025-07-10T13:14:35+00:00\",\"description\":\"A Empresa IF Telecom, atua na \\u00e1rea de fabrica\\u00e7\\u00e3o de antenas e componentes no setor de Broadcast. Estamos localizados em Valinhos, regi\\u00e3o de Campinas, S\\u00e3o Paulo \\u2013 SP.\",\"breadcrumb\":{\"@id\":\"https:\/\/www.iftelecom.com.br\/?page_id=77#breadcrumb\"},\"inLanguage\":\"pt-BR\",\"potentialAction\":[{\"@type\":\"ReadAction\",\"target\":[\"https:\/\/www.iftelecom.com.br\/?page_id=77\"]}]},{\"@type\":\"BreadcrumbList\",\"@id\":\"https:\/\/www.iftelecom.com.br\/?page_id=77#breadcrumb\",\"itemListElement\":[{\"@type\":\"ListItem\",\"position\":1,\"item\":{\"@type\":\"WebPage\",\"@id\":\"https:\/\/www.iftelecom.com.br\/\",\"url\":\"https:\/\/www.iftelecom.com.br\/\",\"name\":\"In\\u00edcio\"}},{\"@type\":\"ListItem\",\"position\":2,\"item\":{\"@type\":\"WebPage\",\"@id\":\"https:\/\/www.iftelecom.com.br\/?page_id=77\",\"url\":\"https:\/\/www.iftelecom.com.br\/?page_id=77\",\"name\":\"Empresa\"}}]}]}<\/script>\n<!-- \/ Yoast SEO plugin. -->","_links":{"self":[{"href":"https:\/\/www.iftelecom.com.br\/index.php?rest_route=\/wp\/v2\/pages\/77"}],"collection":[{"href":"https:\/\/www.iftelecom.com.br\/index.php?rest_route=\/wp\/v2\/pages"}],"about":[{"href":"https:\/\/www.iftelecom.com.br\/index.php?rest_route=\/wp\/v2\/types\/page"}],"author":[{"embeddable":true,"href":"https:\/\/www.iftelecom.com.br\/index.php?rest_route=\/wp\/v2\/users\/5"}],"replies":[{"embeddable":true,"href":"https:\/\/www.iftelecom.com.br\/index.php?rest_route=%2Fwp%2Fv2%2Fcomments&post=77"}],"version-history":[{"count":13,"href":"https:\/\/www.iftelecom.com.br\/index.php?rest_route=\/wp\/v2\/pages\/77\/revisions"}],"predecessor-version":[{"id":563,"href":"https:\/\/www.iftelecom.com.br\/index.php?rest_route=\/wp\/v2\/pages\/77\/revisions\/563"}],"wp:attachment":[{"href":"https:\/\/www.iftelecom.com.br\/index.php?rest_route=%2Fwp%2Fv2%2Fmedia&parent=77"}],"curies":[{"name":"wp","href":"https:\/\/api.w.org\/{rel}","templated":true}]}}